{"id":2,"date":"2020-08-22T02:12:18","date_gmt":"2020-08-22T00:12:18","guid":{"rendered":"http:\/\/techzet.pl\/?page_id=2"},"modified":"2020-09-26T15:36:32","modified_gmt":"2020-09-26T13:36:32","slug":"page-d-exemple","status":"publish","type":"page","link":"https:\/\/techzet.pl\/","title":{"rendered":"Komfort i Bezpiecze\u0144stwo"},"content":{"rendered":"\n<p>W Naszej ofercie:<\/p>\n\n\n\n<p>-Pompy Ciep\u0142a<\/p>\n\n\n\n<p>-Klimatyzacja<\/p>\n\n\n\n<p>-Ch\u0142odnictwo<\/p>\n\n\n\n<p>-Instalacje Alarmowe<\/p>\n\n\n\n<p>-instalacje CCTV<\/p>\n\n\n\n<p>-Kontrola Dost\u0119pu<\/p>\n","protected":false},"excerpt":{"rendered":"<p>W Naszej ofercie: -Pompy Ciep\u0142a -Klimatyzacja -Ch\u0142odnictwo -Instalacje Alarmowe -instalacje CCTV -Kontrola Dost\u0119pu<\/p>\n","protected":false},"author":1,"featured_media":0,"parent":0,"menu_order":0,"comment_status":"closed","ping_status":"open","template":"","meta":[],"_links":{"self":[{"href":"https:\/\/techzet.pl\/index.php\/wp-json\/wp\/v2\/pages\/2"}],"collection":[{"href":"https:\/\/techzet.pl\/index.php\/wp-json\/wp\/v2\/pages"}],"about":[{"href":"https:\/\/techzet.pl\/index.php\/wp-json\/wp\/v2\/types\/page"}],"author":[{"embeddable":true,"href":"https:\/\/techzet.pl\/index.php\/wp-json\/wp\/v2\/users\/1"}],"replies":[{"embeddable":true,"href":"https:\/\/techzet.pl\/index.php\/wp-json\/wp\/v2\/comments?post=2"}],"version-history":[{"count":1,"href":"https:\/\/techzet.pl\/index.php\/wp-json\/wp\/v2\/pages\/2\/revisions"}],"predecessor-version":[{"id":11,"href":"https:\/\/techzet.pl\/index.php\/wp-json\/wp\/v2\/pages\/2\/revisions\/11"}],"wp:attachment":[{"href":"https:\/\/techzet.pl\/index.php\/wp-json\/wp\/v2\/media?parent=2"}],"curies":[{"name":"wp","href":"https:\/\/api.w.org\/{rel}","templated":true}]}}